{"id":41,"date":"2025-01-29T16:17:40","date_gmt":"2025-01-29T16:17:40","guid":{"rendered":"https:\/\/banana-it.eu\/?page_id=41"},"modified":"2025-02-24T10:36:48","modified_gmt":"2025-02-24T10:36:48","slug":"umbau","status":"publish","type":"page","link":"https:\/\/banana-it.eu\/","title":{"rendered":"Umbau"},"content":{"rendered":"\t\t<div data-elementor-type=\"wp-page\" data-elementor-id=\"41\" class=\"elementor elementor-41\" data-elementor-post-type=\"page\">\n\t\t\t\t<div class=\"elementor-element elementor-element-7445481 e-con-full e-flex e-con e-parent\" data-id=\"7445481\" data-element_type=\"container\" data-e-type=\"container\">\n\t\t\t\t<\/div>\n\t\t<div class=\"elementor-element elementor-element-bb239d6 e-con-full e-flex e-con e-parent\" data-id=\"bb239d6\" data-element_type=\"container\" data-e-type=\"container\" data-settings=\"{&quot;background_background&quot;:&quot;gradient&quot;}\">\n\t\t<div class=\"elementor-element elementor-element-731588a8 e-con-full e-flex e-con e-child\" data-id=\"731588a8\" data-element_type=\"container\" data-e-type=\"container\">\n\t\t\t\t<div class=\"elementor-element elementor-element-6c8fcc4a elementor-widget__width-initial elementor-absolute elementor-widget elementor-widget-spacer\" data-id=\"6c8fcc4a\" data-element_type=\"widget\" data-e-type=\"widget\" data-settings=\"{&quot;_position&quot;:&quot;absolute&quot;,&quot;motion_fx_motion_fx_scrolling&quot;:&quot;yes&quot;,&quot;motion_fx_blur_effect&quot;:&quot;yes&quot;,&quot;motion_fx_blur_level&quot;:{&quot;unit&quot;:&quot;px&quot;,&quot;size&quot;:&quot;160&quot;,&quot;sizes&quot;:[]},&quot;motion_fx_blur_range&quot;:{&quot;unit&quot;:&quot;%&quot;,&quot;size&quot;:&quot;&quot;,&quot;sizes&quot;:{&quot;start&quot;:&quot;0&quot;,&quot;end&quot;:&quot;100&quot;}},&quot;motion_fx_blur_direction&quot;:&quot;out-in&quot;,&quot;motion_fx_devices&quot;:[&quot;desktop&quot;,&quot;tablet&quot;,&quot;mobile&quot;]}\" data-widget_type=\"spacer.default\">\n\t\t\t\t<div class=\"elementor-widget-container\">\n\t\t\t\t\t\t\t<div class=\"elementor-spacer\">\n\t\t\t<div class=\"elementor-spacer-inner\"><\/div>\n\t\t<\/div>\n\t\t\t\t\t\t<\/div>\n\t\t\t\t<\/div>\n\t\t\t\t<div class=\"elementor-element elementor-element-6de43efd elementor-cta--skin-classic elementor-animated-content elementor-bg-transform elementor-bg-transform-zoom-in elementor-widget elementor-widget-call-to-action\" data-id=\"6de43efd\" data-element_type=\"widget\" data-e-type=\"widget\" data-settings=\"{&quot;_animation&quot;:&quot;none&quot;}\" data-widget_type=\"call-to-action.default\">\n\t\t\t\t<div class=\"elementor-widget-container\">\n\t\t\t\t\t\t\t<div class=\"elementor-cta\">\n\t\t\t\t\t\t\t<div class=\"elementor-cta__content\">\n\t\t\t\t\n\t\t\t\t\t\t\t\t\t<h1 class=\"elementor-cta__title elementor-cta__content-item elementor-content-item\">\n\t\t\t\t\t\tWir befinden uns im Umbau.\t\t\t\t\t<\/h1>\n\t\t\t\t\n\t\t\t\t\t\t\t\t\t<div class=\"elementor-cta__description elementor-cta__content-item elementor-content-item\">\n\t\t\t\t\t\tWir \u00fcberarbeiten gerade unsere Website. Wir arbeiten mit hochdruck daran, Ihnen bald all unsere Inhalte pr\u00e4sentieren zu k\u00f6nnen.\t\t\t\t\t<\/div>\n\t\t\t\t\n\t\t\t\t\t\t\t<\/div>\n\t\t\t\t\t\t<\/div>\n\t\t\t\t\t\t<\/div>\n\t\t\t\t<\/div>\n\t\t\t\t<div class=\"elementor-element elementor-element-254fe91 elementor-widget elementor-widget-spacer\" data-id=\"254fe91\" data-element_type=\"widget\" data-e-type=\"widget\" data-widget_type=\"spacer.default\">\n\t\t\t\t<div class=\"elementor-widget-container\">\n\t\t\t\t\t\t\t<div class=\"elementor-spacer\">\n\t\t\t<div class=\"elementor-spacer-inner\"><\/div>\n\t\t<\/div>\n\t\t\t\t\t\t<\/div>\n\t\t\t\t<\/div>\n\t\t\t\t<div class=\"elementor-element elementor-element-0cea638 elementor-align-left elementor-widget__width-auto elementor-widget elementor-widget-button\" data-id=\"0cea638\" data-element_type=\"widget\" data-e-type=\"widget\" data-widget_type=\"button.default\">\n\t\t\t\t<div class=\"elementor-widget-container\">\n\t\t\t\t\t\t\t\t\t<div class=\"elementor-button-wrapper\">\n\t\t\t\t\t<a class=\"elementor-button elementor-button-link elementor-size-sm\" href=\"https:\/\/banana-it.eu\/index.php\/impressum\/\">\n\t\t\t\t\t\t<span class=\"elementor-button-content-wrapper\">\n\t\t\t\t\t\t\t\t\t<span class=\"elementor-button-text\">IMPRESSUM<\/span>\n\t\t\t\t\t<\/span>\n\t\t\t\t\t<\/a>\n\t\t\t\t<\/div>\n\t\t\t\t\t\t\t\t<\/div>\n\t\t\t\t<\/div>\n\t\t\t\t<div class=\"elementor-element elementor-element-a3e536a elementor-align-left elementor-widget__width-auto elementor-widget elementor-widget-button\" data-id=\"a3e536a\" data-element_type=\"widget\" data-e-type=\"widget\" data-widget_type=\"button.default\">\n\t\t\t\t<div class=\"elementor-widget-container\">\n\t\t\t\t\t\t\t\t\t<div class=\"elementor-button-wrapper\">\n\t\t\t\t\t<a class=\"elementor-button elementor-button-link elementor-size-sm\" href=\"mailto:info@banana-computers.de\">\n\t\t\t\t\t\t<span class=\"elementor-button-content-wrapper\">\n\t\t\t\t\t\t\t\t\t<span class=\"elementor-button-text\">KONTAKT<\/span>\n\t\t\t\t\t<\/span>\n\t\t\t\t\t<\/a>\n\t\t\t\t<\/div>\n\t\t\t\t\t\t\t\t<\/div>\n\t\t\t\t<\/div>\n\t\t\t\t<\/div>\n\t\t<div class=\"elementor-element elementor-element-af4f59d e-con-full e-flex e-con e-child\" data-id=\"af4f59d\" data-element_type=\"container\" data-e-type=\"container\">\n\t\t\t\t<div class=\"elementor-element elementor-element-e50ae5c elementor-widget__width-initial elementor-absolute elementor-widget elementor-widget-spacer\" data-id=\"e50ae5c\" data-element_type=\"widget\" data-e-type=\"widget\" data-settings=\"{&quot;_position&quot;:&quot;absolute&quot;,&quot;motion_fx_motion_fx_scrolling&quot;:&quot;yes&quot;,&quot;motion_fx_blur_effect&quot;:&quot;yes&quot;,&quot;motion_fx_blur_level&quot;:{&quot;unit&quot;:&quot;px&quot;,&quot;size&quot;:&quot;160&quot;,&quot;sizes&quot;:[]},&quot;motion_fx_blur_range&quot;:{&quot;unit&quot;:&quot;%&quot;,&quot;size&quot;:&quot;&quot;,&quot;sizes&quot;:{&quot;start&quot;:&quot;0&quot;,&quot;end&quot;:&quot;100&quot;}},&quot;motion_fx_blur_direction&quot;:&quot;out-in&quot;,&quot;motion_fx_devices&quot;:[&quot;desktop&quot;,&quot;tablet&quot;,&quot;mobile&quot;]}\" data-widget_type=\"spacer.default\">\n\t\t\t\t<div class=\"elementor-widget-container\">\n\t\t\t\t\t\t\t<div class=\"elementor-spacer\">\n\t\t\t<div class=\"elementor-spacer-inner\"><\/div>\n\t\t<\/div>\n\t\t\t\t\t\t<\/div>\n\t\t\t\t<\/div>\n\t\t\t\t<div class=\"elementor-element elementor-element-f5af6d0 animated-slow e-transform elementor-invisible elementor-widget elementor-widget-image\" data-id=\"f5af6d0\" data-element_type=\"widget\" data-e-type=\"widget\" data-settings=\"{&quot;motion_fx_motion_fx_scrolling&quot;:&quot;yes&quot;,&quot;motion_fx_devices&quot;:[&quot;desktop&quot;],&quot;motion_fx_motion_fx_mouse&quot;:&quot;yes&quot;,&quot;motion_fx_mouseTrack_effect&quot;:&quot;yes&quot;,&quot;motion_fx_mouseTrack_direction&quot;:&quot;negative&quot;,&quot;motion_fx_mouseTrack_speed&quot;:{&quot;unit&quot;:&quot;px&quot;,&quot;size&quot;:&quot;0.2&quot;,&quot;sizes&quot;:[]},&quot;_animation&quot;:&quot;fadeIn&quot;,&quot;_transform_scale_effect_hover&quot;:{&quot;unit&quot;:&quot;px&quot;,&quot;size&quot;:&quot;1.1&quot;,&quot;sizes&quot;:[]},&quot;_transform_scale_effect_hover_tablet&quot;:{&quot;unit&quot;:&quot;px&quot;,&quot;size&quot;:&quot;&quot;,&quot;sizes&quot;:[]},&quot;_transform_scale_effect_hover_mobile&quot;:{&quot;unit&quot;:&quot;px&quot;,&quot;size&quot;:&quot;&quot;,&quot;sizes&quot;:[]}}\" data-widget_type=\"image.default\">\n\t\t\t\t<div class=\"elementor-widget-container\">\n\t\t\t\t\t\t\t\t\t\t\t\t\t\t\t<img fetchpriority=\"high\" decoding=\"async\" width=\"769\" height=\"425\" src=\"https:\/\/banana-it.eu\/wp-content\/uploads\/2025\/01\/banana-it-banane-04.webp\" class=\"attachment-full size-full wp-image-49\" alt=\"\" srcset=\"https:\/\/banana-it.eu\/wp-content\/uploads\/2025\/01\/banana-it-banane-04.webp 769w, https:\/\/banana-it.eu\/wp-content\/uploads\/2025\/01\/banana-it-banane-04-300x166.webp 300w\" sizes=\"(max-width: 769px) 100vw, 769px\" \/>\t\t\t\t\t\t\t\t\t\t\t\t\t\t\t<\/div>\n\t\t\t\t<\/div>\n\t\t\t\t<div class=\"elementor-element elementor-element-68a61f3 elementor-fixed animated-slow e-transform e-transform e-transform elementor-invisible elementor-widget elementor-widget-image\" data-id=\"68a61f3\" data-element_type=\"widget\" data-e-type=\"widget\" data-settings=\"{&quot;_position&quot;:&quot;fixed&quot;,&quot;_animation&quot;:&quot;rotateIn&quot;,&quot;_transform_rotateZ_effect&quot;:{&quot;unit&quot;:&quot;px&quot;,&quot;size&quot;:48,&quot;sizes&quot;:[]},&quot;_transform_rotateZ_effect_hover&quot;:{&quot;unit&quot;:&quot;px&quot;,&quot;size&quot;:15,&quot;sizes&quot;:[]},&quot;_transform_scale_effect_hover&quot;:{&quot;unit&quot;:&quot;px&quot;,&quot;size&quot;:1.1,&quot;sizes&quot;:[]},&quot;_transform_rotateZ_effect_tablet&quot;:{&quot;unit&quot;:&quot;deg&quot;,&quot;size&quot;:&quot;&quot;,&quot;sizes&quot;:[]},&quot;_transform_rotateZ_effect_mobile&quot;:{&quot;unit&quot;:&quot;deg&quot;,&quot;size&quot;:&quot;&quot;,&quot;sizes&quot;:[]},&quot;_transform_rotateZ_effect_hover_tablet&quot;:{&quot;unit&quot;:&quot;deg&quot;,&quot;size&quot;:&quot;&quot;,&quot;sizes&quot;:[]},&quot;_transform_rotateZ_effect_hover_mobile&quot;:{&quot;unit&quot;:&quot;deg&quot;,&quot;size&quot;:&quot;&quot;,&quot;sizes&quot;:[]},&quot;_transform_scale_effect_hover_tablet&quot;:{&quot;unit&quot;:&quot;px&quot;,&quot;size&quot;:&quot;&quot;,&quot;sizes&quot;:[]},&quot;_transform_scale_effect_hover_mobile&quot;:{&quot;unit&quot;:&quot;px&quot;,&quot;size&quot;:&quot;&quot;,&quot;sizes&quot;:[]}}\" data-widget_type=\"image.default\">\n\t\t\t\t<div class=\"elementor-widget-container\">\n\t\t\t\t\t\t\t\t\t\t\t\t\t\t\t<img decoding=\"async\" width=\"800\" height=\"448\" src=\"https:\/\/banana-it.eu\/wp-content\/uploads\/2025\/01\/banana-it-banane-05-1024x573.webp\" class=\"attachment-large size-large wp-image-50\" alt=\"\" srcset=\"https:\/\/banana-it.eu\/wp-content\/uploads\/2025\/01\/banana-it-banane-05-1024x573.webp 1024w, https:\/\/banana-it.eu\/wp-content\/uploads\/2025\/01\/banana-it-banane-05-300x168.webp 300w, https:\/\/banana-it.eu\/wp-content\/uploads\/2025\/01\/banana-it-banane-05-768x430.webp 768w, https:\/\/banana-it.eu\/wp-content\/uploads\/2025\/01\/banana-it-banane-05.webp 1520w\" sizes=\"(max-width: 800px) 100vw, 800px\" \/>\t\t\t\t\t\t\t\t\t\t\t\t\t\t\t<\/div>\n\t\t\t\t<\/div>\n\t\t\t\t<div class=\"elementor-element elementor-element-028137c animated-slow e-transform elementor-invisible elementor-widget elementor-widget-image\" data-id=\"028137c\" data-element_type=\"widget\" data-e-type=\"widget\" data-settings=\"{&quot;motion_fx_motion_fx_scrolling&quot;:&quot;yes&quot;,&quot;motion_fx_devices&quot;:[&quot;desktop&quot;],&quot;motion_fx_motion_fx_mouse&quot;:&quot;yes&quot;,&quot;motion_fx_mouseTrack_effect&quot;:&quot;yes&quot;,&quot;motion_fx_mouseTrack_speed&quot;:{&quot;unit&quot;:&quot;px&quot;,&quot;size&quot;:0.3,&quot;sizes&quot;:[]},&quot;_animation&quot;:&quot;fadeIn&quot;,&quot;_transform_scale_effect_hover&quot;:{&quot;unit&quot;:&quot;px&quot;,&quot;size&quot;:1.2,&quot;sizes&quot;:[]},&quot;_transform_scale_effect_hover_tablet&quot;:{&quot;unit&quot;:&quot;px&quot;,&quot;size&quot;:&quot;&quot;,&quot;sizes&quot;:[]},&quot;_transform_scale_effect_hover_mobile&quot;:{&quot;unit&quot;:&quot;px&quot;,&quot;size&quot;:&quot;&quot;,&quot;sizes&quot;:[]}}\" data-widget_type=\"image.default\">\n\t\t\t\t<div class=\"elementor-widget-container\">\n\t\t\t\t\t\t\t\t\t\t\t\t\t\t\t<img decoding=\"async\" width=\"758\" height=\"431\" src=\"https:\/\/banana-it.eu\/wp-content\/uploads\/2025\/01\/banana-it-banane-02.webp\" class=\"attachment-large size-large wp-image-47\" alt=\"\" srcset=\"https:\/\/banana-it.eu\/wp-content\/uploads\/2025\/01\/banana-it-banane-02.webp 758w, https:\/\/banana-it.eu\/wp-content\/uploads\/2025\/01\/banana-it-banane-02-300x171.webp 300w\" sizes=\"(max-width: 758px) 100vw, 758px\" \/>\t\t\t\t\t\t\t\t\t\t\t\t\t\t\t<\/div>\n\t\t\t\t<\/div>\n\t\t\t\t<div class=\"elementor-element elementor-element-5e8bc2c elementor-absolute animated-slow e-transform elementor-invisible elementor-widget elementor-widget-image\" data-id=\"5e8bc2c\" data-element_type=\"widget\" data-e-type=\"widget\" data-settings=\"{&quot;_position&quot;:&quot;absolute&quot;,&quot;motion_fx_motion_fx_mouse&quot;:&quot;yes&quot;,&quot;motion_fx_mouseTrack_effect&quot;:&quot;yes&quot;,&quot;motion_fx_mouseTrack_direction&quot;:&quot;negative&quot;,&quot;motion_fx_mouseTrack_speed&quot;:{&quot;unit&quot;:&quot;px&quot;,&quot;size&quot;:&quot;0.4&quot;,&quot;sizes&quot;:[]},&quot;_animation&quot;:&quot;fadeIn&quot;,&quot;_transform_translateY_effect_hover&quot;:{&quot;unit&quot;:&quot;px&quot;,&quot;size&quot;:15,&quot;sizes&quot;:[]},&quot;_transform_translateX_effect_hover&quot;:{&quot;unit&quot;:&quot;px&quot;,&quot;size&quot;:&quot;&quot;,&quot;sizes&quot;:[]},&quot;_transform_translateX_effect_hover_tablet&quot;:{&quot;unit&quot;:&quot;px&quot;,&quot;size&quot;:&quot;&quot;,&quot;sizes&quot;:[]},&quot;_transform_translateX_effect_hover_mobile&quot;:{&quot;unit&quot;:&quot;px&quot;,&quot;size&quot;:&quot;&quot;,&quot;sizes&quot;:[]},&quot;_transform_translateY_effect_hover_tablet&quot;:{&quot;unit&quot;:&quot;px&quot;,&quot;size&quot;:&quot;&quot;,&quot;sizes&quot;:[]},&quot;_transform_translateY_effect_hover_mobile&quot;:{&quot;unit&quot;:&quot;px&quot;,&quot;size&quot;:&quot;&quot;,&quot;sizes&quot;:[]}}\" data-widget_type=\"image.default\">\n\t\t\t\t<div class=\"elementor-widget-container\">\n\t\t\t\t\t\t\t\t\t\t\t\t\t\t\t<img loading=\"lazy\" decoding=\"async\" width=\"800\" height=\"571\" src=\"https:\/\/banana-it.eu\/wp-content\/uploads\/2025\/01\/banana-it-banane-01-1024x731.webp\" class=\"attachment-large size-large wp-image-46\" alt=\"\" srcset=\"https:\/\/banana-it.eu\/wp-content\/uploads\/2025\/01\/banana-it-banane-01-1024x731.webp 1024w, https:\/\/banana-it.eu\/wp-content\/uploads\/2025\/01\/banana-it-banane-01-300x214.webp 300w, https:\/\/banana-it.eu\/wp-content\/uploads\/2025\/01\/banana-it-banane-01-768x548.webp 768w, https:\/\/banana-it.eu\/wp-content\/uploads\/2025\/01\/banana-it-banane-01.webp 1357w\" sizes=\"(max-width: 800px) 100vw, 800px\" \/>\t\t\t\t\t\t\t\t\t\t\t\t\t\t\t<\/div>\n\t\t\t\t<\/div>\n\t\t\t\t<\/div>\n\t\t\t\t<\/div>\n\t\t\t\t<\/div>\n\t\t","protected":false},"excerpt":{"rendered":"<p>Wir \u00fcberarbeiten gerade unsere Website. Wir arbeiten mit hochdruck daran, Ihnen bald all unsere Inhalte pr\u00e4sentieren zu k\u00f6nnen.<\/p>\n","protected":false},"author":2,"featured_media":0,"parent":0,"menu_order":0,"comment_status":"closed","ping_status":"closed","template":"elementor_header_footer","meta":{"footnotes":""},"class_list":["post-41","page","type-page","status-publish","hentry"],"yoast_head":"<!-- This site is optimized with the Yoast SEO plugin v27.5 - https:\/\/yoast.com\/product\/yoast-seo-wordpress\/ -->\n<title>Umbau - Banana IT Solutions GmbH<\/title>\n<meta name=\"robots\" content=\"index, follow, max-snippet:-1, max-image-preview:large, max-video-preview:-1\" \/>\n<link rel=\"canonical\" href=\"https:\/\/banana-it.eu\/\" \/>\n<meta property=\"og:locale\" content=\"de_DE\" \/>\n<meta property=\"og:type\" content=\"article\" \/>\n<meta property=\"og:title\" content=\"Umbau - Banana IT Solutions GmbH\" \/>\n<meta property=\"og:description\" content=\"Wir \u00fcberarbeiten gerade unsere Website. Wir arbeiten mit hochdruck daran, Ihnen bald all unsere Inhalte pr\u00e4sentieren zu k\u00f6nnen.\" \/>\n<meta property=\"og:url\" content=\"https:\/\/banana-it.eu\/\" \/>\n<meta property=\"og:site_name\" content=\"Banana IT Solutions GmbH\" \/>\n<meta property=\"article:modified_time\" content=\"2025-02-24T10:36:48+00:00\" \/>\n<meta property=\"og:image\" content=\"https:\/\/banana-it.eu\/wp-content\/uploads\/2025\/01\/banana-it-banane-04.webp\" \/>\n\t<meta property=\"og:image:width\" content=\"769\" \/>\n\t<meta property=\"og:image:height\" content=\"425\" \/>\n\t<meta property=\"og:image:type\" content=\"image\/webp\" \/>\n<meta name=\"twitter:card\" content=\"summary_large_image\" \/>\n<meta name=\"twitter:label1\" content=\"Gesch\u00e4tzte Lesezeit\" \/>\n\t<meta name=\"twitter:data1\" content=\"1\u00a0Minute\" \/>\n<script type=\"application\/ld+json\" class=\"yoast-schema-graph\">{\"@context\":\"https:\\\/\\\/schema.org\",\"@graph\":[{\"@type\":\"WebPage\",\"@id\":\"https:\\\/\\\/banana-it.eu\\\/\",\"url\":\"https:\\\/\\\/banana-it.eu\\\/\",\"name\":\"Umbau - Banana IT Solutions GmbH\",\"isPartOf\":{\"@id\":\"https:\\\/\\\/banana-it.eu\\\/#website\"},\"primaryImageOfPage\":{\"@id\":\"https:\\\/\\\/banana-it.eu\\\/#primaryimage\"},\"image\":{\"@id\":\"https:\\\/\\\/banana-it.eu\\\/#primaryimage\"},\"thumbnailUrl\":\"https:\\\/\\\/banana-it.eu\\\/wp-content\\\/uploads\\\/2025\\\/01\\\/banana-it-banane-04.webp\",\"datePublished\":\"2025-01-29T16:17:40+00:00\",\"dateModified\":\"2025-02-24T10:36:48+00:00\",\"breadcrumb\":{\"@id\":\"https:\\\/\\\/banana-it.eu\\\/#breadcrumb\"},\"inLanguage\":\"de\",\"potentialAction\":[{\"@type\":\"ReadAction\",\"target\":[\"https:\\\/\\\/banana-it.eu\\\/\"]}]},{\"@type\":\"ImageObject\",\"inLanguage\":\"de\",\"@id\":\"https:\\\/\\\/banana-it.eu\\\/#primaryimage\",\"url\":\"https:\\\/\\\/banana-it.eu\\\/wp-content\\\/uploads\\\/2025\\\/01\\\/banana-it-banane-04.webp\",\"contentUrl\":\"https:\\\/\\\/banana-it.eu\\\/wp-content\\\/uploads\\\/2025\\\/01\\\/banana-it-banane-04.webp\",\"width\":769,\"height\":425},{\"@type\":\"BreadcrumbList\",\"@id\":\"https:\\\/\\\/banana-it.eu\\\/#breadcrumb\",\"itemListElement\":[{\"@type\":\"ListItem\",\"position\":1,\"name\":\"Startseite\",\"item\":\"https:\\\/\\\/banana-it.eu\\\/\"},{\"@type\":\"ListItem\",\"position\":2,\"name\":\"Umbau\"}]},{\"@type\":\"WebSite\",\"@id\":\"https:\\\/\\\/banana-it.eu\\\/#website\",\"url\":\"https:\\\/\\\/banana-it.eu\\\/\",\"name\":\"Banana IT Solutions GmbH\",\"description\":\"\",\"publisher\":{\"@id\":\"https:\\\/\\\/banana-it.eu\\\/#organization\"},\"potentialAction\":[{\"@type\":\"SearchAction\",\"target\":{\"@type\":\"EntryPoint\",\"urlTemplate\":\"https:\\\/\\\/banana-it.eu\\\/?s={search_term_string}\"},\"query-input\":{\"@type\":\"PropertyValueSpecification\",\"valueRequired\":true,\"valueName\":\"search_term_string\"}}],\"inLanguage\":\"de\"},{\"@type\":\"Organization\",\"@id\":\"https:\\\/\\\/banana-it.eu\\\/#organization\",\"name\":\"Banana IT Solutions GmbH\",\"url\":\"https:\\\/\\\/banana-it.eu\\\/\",\"logo\":{\"@type\":\"ImageObject\",\"inLanguage\":\"de\",\"@id\":\"https:\\\/\\\/banana-it.eu\\\/#\\\/schema\\\/logo\\\/image\\\/\",\"url\":\"https:\\\/\\\/banana-it.eu\\\/wp-content\\\/uploads\\\/2025\\\/01\\\/Logo_Banana_It_2022_001.png\",\"contentUrl\":\"https:\\\/\\\/banana-it.eu\\\/wp-content\\\/uploads\\\/2025\\\/01\\\/Logo_Banana_It_2022_001.png\",\"width\":2880,\"height\":1620,\"caption\":\"Banana IT Solutions GmbH\"},\"image\":{\"@id\":\"https:\\\/\\\/banana-it.eu\\\/#\\\/schema\\\/logo\\\/image\\\/\"}}]}<\/script>\n<!-- \/ Yoast SEO plugin. -->","yoast_head_json":{"title":"Umbau - Banana IT Solutions GmbH","robots":{"index":"index","follow":"follow","max-snippet":"max-snippet:-1","max-image-preview":"max-image-preview:large","max-video-preview":"max-video-preview:-1"},"canonical":"https:\/\/banana-it.eu\/","og_locale":"de_DE","og_type":"article","og_title":"Umbau - Banana IT Solutions GmbH","og_description":"Wir \u00fcberarbeiten gerade unsere Website. Wir arbeiten mit hochdruck daran, Ihnen bald all unsere Inhalte pr\u00e4sentieren zu k\u00f6nnen.","og_url":"https:\/\/banana-it.eu\/","og_site_name":"Banana IT Solutions GmbH","article_modified_time":"2025-02-24T10:36:48+00:00","og_image":[{"width":769,"height":425,"url":"https:\/\/banana-it.eu\/wp-content\/uploads\/2025\/01\/banana-it-banane-04.webp","type":"image\/webp"}],"twitter_card":"summary_large_image","twitter_misc":{"Gesch\u00e4tzte Lesezeit":"1\u00a0Minute"},"schema":{"@context":"https:\/\/schema.org","@graph":[{"@type":"WebPage","@id":"https:\/\/banana-it.eu\/","url":"https:\/\/banana-it.eu\/","name":"Umbau - Banana IT Solutions GmbH","isPartOf":{"@id":"https:\/\/banana-it.eu\/#website"},"primaryImageOfPage":{"@id":"https:\/\/banana-it.eu\/#primaryimage"},"image":{"@id":"https:\/\/banana-it.eu\/#primaryimage"},"thumbnailUrl":"https:\/\/banana-it.eu\/wp-content\/uploads\/2025\/01\/banana-it-banane-04.webp","datePublished":"2025-01-29T16:17:40+00:00","dateModified":"2025-02-24T10:36:48+00:00","breadcrumb":{"@id":"https:\/\/banana-it.eu\/#breadcrumb"},"inLanguage":"de","potentialAction":[{"@type":"ReadAction","target":["https:\/\/banana-it.eu\/"]}]},{"@type":"ImageObject","inLanguage":"de","@id":"https:\/\/banana-it.eu\/#primaryimage","url":"https:\/\/banana-it.eu\/wp-content\/uploads\/2025\/01\/banana-it-banane-04.webp","contentUrl":"https:\/\/banana-it.eu\/wp-content\/uploads\/2025\/01\/banana-it-banane-04.webp","width":769,"height":425},{"@type":"BreadcrumbList","@id":"https:\/\/banana-it.eu\/#breadcrumb","itemListElement":[{"@type":"ListItem","position":1,"name":"Startseite","item":"https:\/\/banana-it.eu\/"},{"@type":"ListItem","position":2,"name":"Umbau"}]},{"@type":"WebSite","@id":"https:\/\/banana-it.eu\/#website","url":"https:\/\/banana-it.eu\/","name":"Banana IT Solutions GmbH","description":"","publisher":{"@id":"https:\/\/banana-it.eu\/#organization"},"potentialAction":[{"@type":"SearchAction","target":{"@type":"EntryPoint","urlTemplate":"https:\/\/banana-it.eu\/?s={search_term_string}"},"query-input":{"@type":"PropertyValueSpecification","valueRequired":true,"valueName":"search_term_string"}}],"inLanguage":"de"},{"@type":"Organization","@id":"https:\/\/banana-it.eu\/#organization","name":"Banana IT Solutions GmbH","url":"https:\/\/banana-it.eu\/","logo":{"@type":"ImageObject","inLanguage":"de","@id":"https:\/\/banana-it.eu\/#\/schema\/logo\/image\/","url":"https:\/\/banana-it.eu\/wp-content\/uploads\/2025\/01\/Logo_Banana_It_2022_001.png","contentUrl":"https:\/\/banana-it.eu\/wp-content\/uploads\/2025\/01\/Logo_Banana_It_2022_001.png","width":2880,"height":1620,"caption":"Banana IT Solutions GmbH"},"image":{"@id":"https:\/\/banana-it.eu\/#\/schema\/logo\/image\/"}}]}},"_links":{"self":[{"href":"https:\/\/banana-it.eu\/index.php\/wp-json\/wp\/v2\/pages\/41","targetHints":{"allow":["GET"]}}],"collection":[{"href":"https:\/\/banana-it.eu\/index.php\/wp-json\/wp\/v2\/pages"}],"about":[{"href":"https:\/\/banana-it.eu\/index.php\/wp-json\/wp\/v2\/types\/page"}],"author":[{"embeddable":true,"href":"https:\/\/banana-it.eu\/index.php\/wp-json\/wp\/v2\/users\/2"}],"replies":[{"embeddable":true,"href":"https:\/\/banana-it.eu\/index.php\/wp-json\/wp\/v2\/comments?post=41"}],"version-history":[{"count":17,"href":"https:\/\/banana-it.eu\/index.php\/wp-json\/wp\/v2\/pages\/41\/revisions"}],"predecessor-version":[{"id":105,"href":"https:\/\/banana-it.eu\/index.php\/wp-json\/wp\/v2\/pages\/41\/revisions\/105"}],"wp:attachment":[{"href":"https:\/\/banana-it.eu\/index.php\/wp-json\/wp\/v2\/media?parent=41"}],"curies":[{"name":"wp","href":"https:\/\/api.w.org\/{rel}","templated":true}]}}